{"id":142,"date":"2025-03-09T13:25:17","date_gmt":"2025-03-09T12:25:17","guid":{"rendered":"https:\/\/cedricinformatika.com\/?page_id=142"},"modified":"2025-03-09T13:57:07","modified_gmt":"2025-03-09T12:57:07","slug":"information","status":"publish","type":"page","link":"https:\/\/cedricinformatika.com\/index.php\/information\/","title":{"rendered":"Information Horaire"},"content":{"rendered":"\n<p class=\"has-large-font-size\"><strong>Bienvenue \u00e0 C\u00e9dric Informatika \u2013 D\u00e9pannage Informatique<\/strong><\/p>\n\n\n\n<p><strong>Votre Solution Informatique \u00e0 Port\u00e9e de Main<\/strong><\/p>\n\n\n\n<p>Avec plus de 12 ans d&rsquo;exp\u00e9rience \u00e0 Cambo-les-Bains pour les pro et particulier, je vous propose une gamme compl\u00e8te de services informatiques pour r\u00e9pondre \u00e0 tous vos besoins.<\/p>\n\n\n\n<p>Chez C\u00e9dric Informatika, je comprends l\u2019importance d\u2019un syst\u00e8me informatique fiable et performant. C\u2019est pourquoi je vous offre des services de d\u00e9pannage informatique \u00e0 l\u2019atelier, \u00e0 domicile et \u00e0 distance, adapt\u00e9s \u00e0 vos besoins et \u00e0 votre emploi du temps.<\/p>\n\n\n\n<hr class=\"wp-block-separator has-alpha-channel-opacity\"\/>\n\n\n\n<p class=\"has-vivid-red-color has-text-color has-link-color has-large-font-size wp-elements-0961ba65bc1c38e4944887c4bcd8181a\"><strong>Nos Horaires de Service<\/strong><\/p>\n\n\n\n<p class=\"has-light-green-cyan-to-vivid-green-cyan-gradient-background has-background\"><a href=\"https:\/\/cedricinformatika.com\/index.php\/nous-contacter\/\" data-type=\"page\" data-id=\"57\"><strong>\u00c0 l\u2019Atelier :<\/strong><br><strong>SANS RENDEZ-VOUS<\/strong><br>Du lundi au vendredi : 9h00 \u2013 12h00<br>Adresse : 5 rue Xerry Karrika, Cambo-les-Bains<\/a><\/p>\n\n\n\n<p class=\"has-luminous-vivid-amber-to-luminous-vivid-orange-gradient-background has-background\"><strong>\u00c0 Domicile :<\/strong><br><strong>AVEC <strong>RENDEZ-VOUS<\/strong><\/strong> :      <a href=\"tel:0767799389\">07 67 79 93 89<\/a><br>Du lundi au vendredi : 13h00 \u2013 19h00 ( Adaptatif pour les professionnels selon l&rsquo;urgence )<\/p>\n\n\n\n<p class=\"has-luminous-vivid-amber-to-luminous-vivid-orange-gradient-background has-background\"><a href=\"https:\/\/cedricinformatika.com\/index.php\/page-d-exemple\/\" data-type=\"page\" data-id=\"2\"><strong>\u00c0 Distance :<\/strong><br><strong>AVEC <strong>RENDEZ-VOUS<\/strong><\/strong> :<\/a>      <a href=\"tel:0767799389\">07 67 79 93 89<\/a><br><a href=\"https:\/\/cedricinformatika.com\/index.php\/page-d-exemple\/\" data-type=\"page\" data-id=\"2\">Du lundi au vendredi : 9h00 \u2013 12h00 et 14h00 \u2013 19h00 ( Adaptatif pour les professionnels selon l&rsquo;urgence )<br>Assistance en ligne pour une intervention rapide et efficace<\/a><\/p>\n\n\n\n<hr class=\"wp-block-separator has-alpha-channel-opacity\"\/>\n\n\n\n<p><strong>Nos Services<\/strong><\/p>\n\n\n\n<p><strong>D\u00e9pannage et R\u00e9paration :<\/strong><\/p>\n\n\n\n<ul class=\"wp-block-list\">\n<li>Diagnostic et r\u00e9paration de pannes mat\u00e9rielles et logicielles<\/li>\n\n\n\n<li>Remplacement de composants d\u00e9fectueux<\/li>\n\n\n\n<li>Optimisation des performances de votre ordinateur<\/li>\n<\/ul>\n\n\n\n<p><strong>Assistance Technique :<\/strong><\/p>\n\n\n\n<ul class=\"wp-block-list\">\n<li>Installation et configuration de logiciels<\/li>\n\n\n\n<li>S\u00e9curisation de votre r\u00e9seau et de vos donn\u00e9es<\/li>\n\n\n\n<li>Sauvegarde et r\u00e9cup\u00e9ration de donn\u00e9es<\/li>\n<\/ul>\n\n\n\n<p><strong>Conseils et Formation :<\/strong><\/p>\n\n\n\n<ul class=\"wp-block-list\">\n<li>Conseils personnalis\u00e9s pour l\u2019achat de mat\u00e9riel informatique<\/li>\n\n\n\n<li>Formation \u00e0 l\u2019utilisation de logiciels et d\u2019outils informatiques<\/li>\n<\/ul>\n\n\n\n<hr class=\"wp-block-separator has-alpha-channel-opacity\"\/>\n\n\n\n<p><strong>Pourquoi Me Choisir ?<\/strong><\/p>\n\n\n\n<p><strong>Expertise et Professionnalisme :<\/strong><\/p>\n\n\n\n<ul class=\"wp-block-list\">\n<li>Un technicien qualifi\u00e9 et exp\u00e9riment\u00e9<\/li>\n\n\n\n<li>Des solutions adapt\u00e9es \u00e0 vos besoins sp\u00e9cifiques<\/li>\n<\/ul>\n\n\n\n<p><strong>Rapidit\u00e9 et Efficacit\u00e9 :<\/strong><\/p>\n\n\n\n<ul class=\"wp-block-list\">\n<li>Intervention rapide pour minimiser les temps d\u2019arr\u00eat<\/li>\n\n\n\n<li>R\u00e9solution efficace de vos probl\u00e8mes informatiques<\/li>\n<\/ul>\n\n\n\n<p><strong>Transparence et Satisfaction :<\/strong><\/p>\n\n\n\n<ul class=\"wp-block-list\">\n<li>Devis clairs et d\u00e9taill\u00e9s<\/li>\n\n\n\n<li>Garantie de satisfaction client<\/li>\n<\/ul>\n\n\n\n<hr class=\"wp-block-separator has-alpha-channel-opacity\"\/>\n\n\n\n<h2 class=\"wp-block-heading\"><strong>Contactez-Moi<\/strong><\/h2>\n\n\n\n<p>Pour toute demande de d\u00e9pannage ou pour obtenir plus d\u2019informations, n\u2019h\u00e9sitez pas \u00e0 me contacter :<\/p>\n\n\n\n<p>T\u00e9l\u00e9phone : <a href=\"tel:0767799389\">07 67 79 93 89<\/a><br>Email : <a href=\"mailto:contact@cedricinformatika.fr\">contact@cedricinformatika.fr<\/a><br>Adresse : 5 rue Xerry Karrika, Cambo-les-Bains<\/p>\n\n\n\n<p>C\u00e9dric Informatika \u2013 Votre partenaire de confiance pour tous vos besoins en d\u00e9pannage informatique.<\/p>\n\n\n\n<p>Horaires susceptibles de modifications en fonction des disponibilit\u00e9s et des demandes.<\/p>\n\n\n\n<p><\/p>\n","protected":false},"excerpt":{"rendered":"<p>Bienvenue \u00e0 C\u00e9dric Informatika \u2013 D\u00e9pannage Informatique Votre Solution Informatique \u00e0 Port\u00e9e de Main Avec plus de 12 ans d&rsquo;exp\u00e9rience \u00e0 Cambo-les-Bains pour les pro et particulier, je vous propose une gamme compl\u00e8te de services informatiques pour r\u00e9pondre \u00e0 tous vos besoins. Chez C\u00e9dric Informatika, je comprends l\u2019importance d\u2019un syst\u00e8me informatique fiable et performant. C\u2019est [&hellip;]<\/p>\n","protected":false},"author":1,"featured_media":0,"parent":0,"menu_order":0,"comment_status":"closed","ping_status":"closed","template":"","meta":{"footnotes":""},"class_list":["post-142","page","type-page","status-publish","hentry"],"_links":{"self":[{"href":"https:\/\/cedricinformatika.com\/index.php\/wp-json\/wp\/v2\/pages\/142","targetHints":{"allow":["GET"]}}],"collection":[{"href":"https:\/\/cedricinformatika.com\/index.php\/wp-json\/wp\/v2\/pages"}],"about":[{"href":"https:\/\/cedricinformatika.com\/index.php\/wp-json\/wp\/v2\/types\/page"}],"author":[{"embeddable":true,"href":"https:\/\/cedricinformatika.com\/index.php\/wp-json\/wp\/v2\/users\/1"}],"replies":[{"embeddable":true,"href":"https:\/\/cedricinformatika.com\/index.php\/wp-json\/wp\/v2\/comments?post=142"}],"version-history":[{"count":11,"href":"https:\/\/cedricinformatika.com\/index.php\/wp-json\/wp\/v2\/pages\/142\/revisions"}],"predecessor-version":[{"id":156,"href":"https:\/\/cedricinformatika.com\/index.php\/wp-json\/wp\/v2\/pages\/142\/revisions\/156"}],"wp:attachment":[{"href":"https:\/\/cedricinformatika.com\/index.php\/wp-json\/wp\/v2\/media?parent=142"}],"curies":[{"name":"wp","href":"https:\/\/api.w.org\/{rel}","templated":true}]}}