{"id":2,"date":"2025-03-07T21:09:42","date_gmt":"2025-03-07T20:09:42","guid":{"rendered":"http:\/\/cedricinformatika.com\/?page_id=2"},"modified":"2025-03-09T14:11:41","modified_gmt":"2025-03-09T13:11:41","slug":"page-d-exemple","status":"publish","type":"page","link":"https:\/\/cedricinformatika.com\/index.php\/page-d-exemple\/","title":{"rendered":"Pour la Prise en main a distance"},"content":{"rendered":"\n<hr class=\"wp-block-separator has-alpha-channel-opacity\"\/>\n\n\n\n<h2 class=\"wp-block-heading has-vivid-red-color has-luminous-vivid-amber-to-luminous-vivid-orange-gradient-background has-text-color has-background has-link-color has-medium-font-size wp-elements-d796c0ab80f53eee4b46e1d9fe55efe3\">Avant toute prise en main a distance le rdv doit \u00eatre pris <\/h2>\n\n\n\n<div class=\"wp-block-buttons is-layout-flex wp-block-buttons-is-layout-flex\">\n<div class=\"wp-block-button\"><a class=\"wp-block-button__link has-black-background-color has-background wp-element-button\" href=\"tel:0767799389\">Tel: 07 67 79 93 89<\/a><\/div>\n<\/div>\n\n\n\n<hr class=\"wp-block-separator has-alpha-channel-opacity\"\/>\n\n\n\n<h2 class=\"wp-block-heading\">Autorisation de Contr\u00f4le \u00e0 Distance pour D\u00e9pannage Informatique<\/h2>\n\n\n\n<p>Dans le cadre de notre engagement \u00e0 fournir un support technique efficace et rapide, nous avons mis en place une proc\u00e9dure permettant le contr\u00f4le \u00e0 distance de votre ordinateur pour des op\u00e9rations de d\u00e9pannage. Cette autorisation fait suite \u00e0 un entretien vocal pr\u00e9alable avec notre \u00e9quipe de support.<\/p>\n\n\n\n<h2 class=\"wp-block-heading has-blush-light-purple-gradient-background has-background has-medium-font-size\"><strong>Pour t\u00e9l\u00e9charger le logiciel<\/strong><\/h2>\n\n\n\n<figure class=\"wp-block-image size-full is-resized\"><a href=\"https:\/\/startcontrol.com\/cedricinformatika\/start\"><img loading=\"lazy\" decoding=\"async\" width=\"863\" height=\"313\" src=\"http:\/\/cedricinformatika.com\/wp-content\/uploads\/2025\/03\/Capture-decran-2025-03-08-200124.png\" alt=\"\" class=\"wp-image-94\" style=\"width:204px;height:auto\" srcset=\"https:\/\/cedricinformatika.com\/wp-content\/uploads\/2025\/03\/Capture-decran-2025-03-08-200124.png 863w, https:\/\/cedricinformatika.com\/wp-content\/uploads\/2025\/03\/Capture-decran-2025-03-08-200124-300x109.png 300w, https:\/\/cedricinformatika.com\/wp-content\/uploads\/2025\/03\/Capture-decran-2025-03-08-200124-768x279.png 768w\" sizes=\"auto, (max-width: 863px) 100vw, 863px\" \/><\/a><\/figure>\n\n\n\n<h4 class=\"wp-block-heading\">Pourquoi le Contr\u00f4le \u00e0 Distance ?<\/h4>\n\n\n\n<p>Le contr\u00f4le \u00e0 distance permet \u00e0 nos techniciens de diagnostiquer et de r\u00e9soudre les probl\u00e8mes techniques directement sur votre appareil, sans que vous ayez \u00e0 suivre des instructions complexes. Cela garantit une intervention plus rapide et plus pr\u00e9cise, r\u00e9duisant ainsi le temps d&rsquo;indisponibilit\u00e9 de votre mat\u00e9riel.<\/p>\n\n\n\n<h4 class=\"wp-block-heading\">Comment \u00e7a Marche ?<\/h4>\n\n\n\n<ol class=\"wp-block-list\">\n<li><strong>Entretien Vocal Pr\u00e9alable<\/strong> : Avant toute intervention, un membre de notre \u00e9quipe de support vous contactera par t\u00e9l\u00e9phone pour discuter de votre probl\u00e8me et obtenir votre consentement pour une session de contr\u00f4le \u00e0 distance a une date de RDV.<\/li>\n\n\n\n<li><strong>Lancement du Logiciel<\/strong> : Vous recevrez un lien s\u00e9curis\u00e9 pour t\u00e9l\u00e9charger et utiliser un logiciel de contr\u00f4le \u00e0 distance. Ce logiciel est temporaire et sera d\u00e9sinstall\u00e9 automatiquement \u00e0 la fin de la session.<\/li>\n\n\n\n<li><strong>Session de D\u00e9pannage<\/strong> : Une fois le logiciel install\u00e9, notre technicien pourra acc\u00e9der \u00e0 votre ordinateur pour effectuer les op\u00e9rations n\u00e9cessaires. Vous pourrez suivre en temps r\u00e9el les actions effectu\u00e9es sur votre \u00e9cran.<\/li>\n\n\n\n<li><strong>Fin de la Session<\/strong> : \u00c0 la fin de l&rsquo;intervention, le technicien se d\u00e9connectera et le logiciel de contr\u00f4le \u00e0 distance sera d\u00e9sinstall\u00e9. Vous retrouverez le contr\u00f4le total de votre appareil.<\/li>\n<\/ol>\n\n\n\n<h4 class=\"wp-block-heading\">S\u00e9curit\u00e9 et Confidentialit\u00e9<\/h4>\n\n\n\n<p>Nous prenons tr\u00e8s au s\u00e9rieux la s\u00e9curit\u00e9 et la confidentialit\u00e9 de vos donn\u00e9es. Voici les mesures que nous mettons en place :<\/p>\n\n\n\n<ul class=\"wp-block-list\">\n<li><strong>Connexion S\u00e9curis\u00e9e<\/strong>&nbsp;: Toutes les sessions de contr\u00f4le \u00e0 distance sont chiffr\u00e9es pour garantir la confidentialit\u00e9 des \u00e9changes.<\/li>\n\n\n\n<li><strong>Consentement Explicite<\/strong>&nbsp;: Aucune intervention ne sera effectu\u00e9e sans votre accord pr\u00e9alable.<\/li>\n\n\n\n<li><strong>Acc\u00e8s Limit\u00e9<\/strong>&nbsp;: Nos techniciens n&rsquo;ont acc\u00e8s qu&rsquo;aux fonctionnalit\u00e9s n\u00e9cessaires pour r\u00e9soudre le probl\u00e8me technique. Ils ne peuvent pas acc\u00e9der \u00e0 vos donn\u00e9es personnelles sans votre autorisation explicite.<\/li>\n<\/ul>\n\n\n\n<h4 class=\"wp-block-heading\">Vos Droits<\/h4>\n\n\n\n<p>Vous avez le droit de refuser le contr\u00f4le \u00e0 distance \u00e0 tout moment. Si vous pr\u00e9f\u00e9rez une autre m\u00e9thode de support, notre \u00e9quipe est \u00e0 votre disposition pour vous assister par t\u00e9l\u00e9phone ou par email.<\/p>\n\n\n\n<p>Nous vous remercions de votre confiance et restons \u00e0 votre disposition pour toute question ou pr\u00e9occupation.<\/p>\n\n\n\n<hr class=\"wp-block-separator has-alpha-channel-opacity\"\/>\n\n\n\n<p><strong>Service Support Technique<\/strong><\/p>\n\n\n\n<p><strong>Contact<\/strong> : <a href=\"mailto:contact@cedricinformatika.fr\">contact@cedricinformatika.fr<\/a> | tel: <a href=\"tel:0767799389\">0767799389<\/a><\/p>\n\n\n\n<hr class=\"wp-block-separator has-alpha-channel-opacity\"\/>\n\n\n\n<p>En acceptant cette proc\u00e9dure, vous nous autorisez \u00e0 effectuer des op\u00e9rations de d\u00e9pannage \u00e0 distance sur votre ordinateur, dans le strict respect des conditions \u00e9nonc\u00e9es ci-dessus.<\/p>\n","protected":false},"excerpt":{"rendered":"<p>Avant toute prise en main a distance le rdv doit \u00eatre pris Autorisation de Contr\u00f4le \u00e0 Distance pour D\u00e9pannage Informatique Dans le cadre de notre engagement \u00e0 fournir un support technique efficace et rapide, nous avons mis en place une proc\u00e9dure permettant le contr\u00f4le \u00e0 distance de votre ordinateur pour des op\u00e9rations de d\u00e9pannage. Cette [&hellip;]<\/p>\n","protected":false},"author":1,"featured_media":0,"parent":0,"menu_order":0,"comment_status":"closed","ping_status":"open","template":"","meta":{"footnotes":""},"class_list":["post-2","page","type-page","status-publish","hentry"],"_links":{"self":[{"href":"https:\/\/cedricinformatika.com\/index.php\/wp-json\/wp\/v2\/pages\/2","targetHints":{"allow":["GET"]}}],"collection":[{"href":"https:\/\/cedricinformatika.com\/index.php\/wp-json\/wp\/v2\/pages"}],"about":[{"href":"https:\/\/cedricinformatika.com\/index.php\/wp-json\/wp\/v2\/types\/page"}],"author":[{"embeddable":true,"href":"https:\/\/cedricinformatika.com\/index.php\/wp-json\/wp\/v2\/users\/1"}],"replies":[{"embeddable":true,"href":"https:\/\/cedricinformatika.com\/index.php\/wp-json\/wp\/v2\/comments?post=2"}],"version-history":[{"count":20,"href":"https:\/\/cedricinformatika.com\/index.php\/wp-json\/wp\/v2\/pages\/2\/revisions"}],"predecessor-version":[{"id":192,"href":"https:\/\/cedricinformatika.com\/index.php\/wp-json\/wp\/v2\/pages\/2\/revisions\/192"}],"wp:attachment":[{"href":"https:\/\/cedricinformatika.com\/index.php\/wp-json\/wp\/v2\/media?parent=2"}],"curies":[{"name":"wp","href":"https:\/\/api.w.org\/{rel}","templated":true}]}}